{"id":149,"date":"2021-03-29T08:02:51","date_gmt":"2021-03-29T08:02:51","guid":{"rendered":"https:\/\/www.coronasadvocats.com\/?page_id=149"},"modified":"2024-04-24T16:41:58","modified_gmt":"2024-04-24T16:41:58","slug":"la-firma","status":"publish","type":"page","link":"https:\/\/www.coronasadvocats.com\/es\/la-firma\/","title":{"rendered":"La Firma"},"content":{"rendered":"<section id=\"bt_bb_section69eb71c02a871\"  class=\"bt_bb_section bt_bb_layout_wide bt_bb_vertical_align_top\"  data-bt-override-class=\"null\"><div class=\"bt_bb_port\"><div class=\"bt_bb_cell\"><div class=\"bt_bb_cell_inner\"><div class=\"bt_bb_row_wrapper\"><div  class=\"bt_bb_row\" ><div  class=\"bt_bb_column col-xl-12 col-xs-12 col-sm-12 col-md-12 col-lg-12 bt_bb_align_center bt_bb_padding_normal\"  data-width=\"12\" data-bt-override-class=\"{&quot;bt_bb_align_&quot;:{&quot;current_class&quot;:&quot;bt_bb_align_center&quot;,&quot;xl&quot;:&quot;center&quot;}}\"><div class=\"bt_bb_column_content bt_bb_vertical_align_top\"><div class=\"bt_bb_column_content_inner\"><div class=\"bt_bb_image coronas_imagen_slider bt_bb_shape_square bt_bb_align_inherit bt_bb_hover_style_simple bt_bb_content_display_always bt_bb_content_align_middle bt_bb_content_exists\" data-bt-override-class=\"{&quot;bt_bb_align_&quot;:{&quot;current_class&quot;:&quot;bt_bb_align_inherit&quot;,&quot;xl&quot;:&quot;inherit&quot;}}\"><span><img width=\"1680\" height=\"642\" src=\"https:\/\/www.coronasadvocats.com\/wp-content\/uploads\/2021\/05\/about_cover-Ret.jpg\" class=\"attachment-full size-full\" alt=\"https:\/\/www.coronasadvocats.com\/wp-content\/uploads\/2021\/05\/about_cover-Ret.jpg\" data-full_image_src=\"https:\/\/www.coronasadvocats.com\/wp-content\/uploads\/2021\/05\/about_cover-Ret.jpg\" title=\"about_cover Ret\" srcset=\"https:\/\/www.coronasadvocats.com\/wp-content\/uploads\/2021\/05\/about_cover-Ret.jpg 1680w, https:\/\/www.coronasadvocats.com\/wp-content\/uploads\/2021\/05\/about_cover-Ret-640x245.jpg 640w, https:\/\/www.coronasadvocats.com\/wp-content\/uploads\/2021\/05\/about_cover-Ret-1280x489.jpg 1280w, https:\/\/www.coronasadvocats.com\/wp-content\/uploads\/2021\/05\/about_cover-Ret-768x293.jpg 768w, https:\/\/www.coronasadvocats.com\/wp-content\/uploads\/2021\/05\/about_cover-Ret-1536x587.jpg 1536w, https:\/\/www.coronasadvocats.com\/wp-content\/uploads\/2021\/05\/about_cover-Ret-16x6.jpg 16w, https:\/\/www.coronasadvocats.com\/wp-content\/uploads\/2021\/05\/about_cover-Ret-320x122.jpg 320w\" sizes=\"(max-width: 1680px) 100vw, 1680px\" \/><\/span><div class=\"bt_bb_image_content\" ><div class=\"bt_bb_image_content_flex\"><div class=\"bt_bb_image_content_inner\"><div  class=\"bt_bb_text coronas_texto_slider\" ><h1 style=\"text-align: center;\"><span style=\"color: #ffffff;\">Un despacho de tradici\u00f3n adaptado a las necesidades de hoy.<\/span><\/h1>\n<\/div><\/div><\/div><\/div><\/div><\/div><\/div><\/div><\/div><\/div><\/div><\/div><\/div><\/section><section id=\"bt_bb_section69eb71c02ba0a\"  class=\"bt_bb_section bt_bb_layout_boxed_1200 bt_bb_vertical_align_top bt_bb_top_spacing_large bt_bb_bottom_spacing_normal bt_bb_negative_margin_small\"  data-bt-override-class=\"null\"><div class=\"bt_bb_port\"><div class=\"bt_bb_cell\"><div class=\"bt_bb_cell_inner\"><div class=\"bt_bb_row_wrapper\"><div  class=\"bt_bb_row\" ><div  class=\"bt_bb_column col-xl-12 col-xs-12 col-sm-12 col-md-12 col-lg-12 bt_bb_align_left bt_bb_padding_normal\"  data-width=\"12\" data-bt-override-class=\"{}\"><div class=\"bt_bb_column_content bt_bb_vertical_align_top\"><div class=\"bt_bb_column_content_inner\"><div  class=\"bt_bb_text\" ><h2 style=\"text-align: center;\">La firma<\/h2>\n<h2 style=\"text-align: left;\"><\/h2>\n<h2><\/h2>\n<\/div><\/div><\/div><\/div><\/div><\/div><div class=\"bt_bb_row_wrapper\"><div  class=\"bt_bb_row\" ><div  class=\"bt_bb_column col-xl-6 col-xs-12 col-sm-6 col-md-6 col-lg-6 bt_bb_align_left bt_bb_padding_normal\"  data-width=\"6\" data-bt-override-class=\"{&quot;bt_bb_align_&quot;:{&quot;current_class&quot;:&quot;bt_bb_align_left&quot;,&quot;xl&quot;:&quot;left&quot;}}\"><div class=\"bt_bb_column_content bt_bb_vertical_align_top\"><div class=\"bt_bb_column_content_inner\"><div class=\"bt_bb_image bt_bb_shape_soft-rounded bt_bb_align_left bt_bb_hover_style_simple bt_bb_content_display_always bt_bb_content_align_middle\" data-bt-override-class=\"{&quot;bt_bb_align_&quot;:{&quot;current_class&quot;:&quot;bt_bb_align_left&quot;,&quot;xl&quot;:&quot;left&quot;}}\"><span><img width=\"600\" height=\"400\" src=\"https:\/\/www.coronasadvocats.com\/wp-content\/uploads\/2021\/03\/coronas-foto-I-mod.jpg\" class=\"attachment-boldthemes_large_square size-boldthemes_large_square\" alt=\"https:\/\/www.coronasadvocats.com\/wp-content\/uploads\/2021\/03\/coronas-foto-I-mod.jpg\" data-full_image_src=\"https:\/\/www.coronasadvocats.com\/wp-content\/uploads\/2021\/03\/coronas-foto-I-mod.jpg\" title=\"coronas foto I mod\" srcset=\"https:\/\/www.coronasadvocats.com\/wp-content\/uploads\/2021\/03\/coronas-foto-I-mod.jpg 600w, https:\/\/www.coronasadvocats.com\/wp-content\/uploads\/2021\/03\/coronas-foto-I-mod-16x12.jpg 16w, https:\/\/www.coronasadvocats.com\/wp-content\/uploads\/2021\/03\/coronas-foto-I-mod-320x213.jpg 320w, https:\/\/www.coronasadvocats.com\/wp-content\/uploads\/2021\/03\/coronas-foto-I-mod-480x320.jpg 480w, https:\/\/www.coronasadvocats.com\/wp-content\/uploads\/2021\/03\/coronas-foto-I-mod-240x160.jpg 240w\" sizes=\"(max-width: 600px) 100vw, 600px\" \/><\/span><\/div><\/div><\/div><\/div><div  class=\"bt_bb_column col-xl-6 col-xs-12 col-sm-6 col-md-6 col-lg-6 bt_bb_align_left bt_bb_padding_normal\"  data-width=\"6\" data-bt-override-class=\"{}\"><div class=\"bt_bb_column_content bt_bb_vertical_align_top\"><div class=\"bt_bb_column_content_inner\"><div  class=\"bt_bb_text\" ><h5 style=\"padding-left: 80px;\"><\/h5>\n<h5><\/h5>\n<h5><\/h5>\n<h5><\/h5>\n<h5><\/h5>\n<h5><\/h5>\n<h5><\/h5>\n<h5><\/h5>\n<h5><\/h5>\n<h5><\/h5>\n<h5 style=\"text-align: left; padding-left: 40px;\">Nuestra Firma se fund\u00f3 en <b>1957<\/b> por Don <b>Jos\u00e9 Mar\u00eda Coronas Alonso<\/b> (E.P.D) , Abogado del Estado y Doctor en Ciencias Econ\u00f3micas. Su pasi\u00f3n por el Derecho y su singularidad, convirtieron en poco tiempo a Coronas Advocats en una reconocida y prestigiosa firma legal en Barcelona.<\/h5>\n<h5 style=\"text-align: left;\"><\/h5>\n<\/div><\/div><\/div><\/div><\/div><\/div><div class=\"bt_bb_row_wrapper\"><div  class=\"bt_bb_row\" ><div  class=\"bt_bb_column col-xl-12 col-xs-12 col-sm-12 col-md-12 col-lg-12 bt_bb_align_left bt_bb_padding_normal\"  data-width=\"12\" data-bt-override-class=\"{&quot;bt_bb_align_&quot;:{&quot;current_class&quot;:&quot;bt_bb_align_left&quot;,&quot;xl&quot;:&quot;left&quot;}}\"><div class=\"bt_bb_column_content bt_bb_vertical_align_top\"><div class=\"bt_bb_column_content_inner\"><div class=\"bt_bb_separator bt_bb_border_style_solid bt_bb_top_spacing_medium bt_bb_bottom_spacing_medium bt_bb_color_dark\" data-bt-override-class=\"null\"><\/div><\/div><\/div><\/div><\/div><\/div><div class=\"bt_bb_row_wrapper\"><div  class=\"bt_bb_row\" ><div  class=\"bt_bb_column col-xl-6 col-xs-12 col-sm-6 col-md-6 col-lg-6 bt_bb_align_left bt_bb_padding_normal\"  data-width=\"6\" data-bt-override-class=\"{&quot;bt_bb_align_&quot;:{&quot;current_class&quot;:&quot;bt_bb_align_left&quot;,&quot;xl&quot;:&quot;left&quot;}}\"><div class=\"bt_bb_column_content bt_bb_vertical_align_top\"><div class=\"bt_bb_column_content_inner\"><div  class=\"bt_bb_text\" ><h5><\/h5>\n<h5><\/h5>\n<h5><\/h5>\n<h5><\/h5>\n<h5><\/h5>\n<h5><\/h5>\n<h5 style=\"text-align: left;\">En <b>1990<\/b>, la firma\u00a0 se traslada y amplia su despacho al epicentro de una de las m\u00e1s importantes zonas econ\u00f3micas de Barcelona, entre la Pla\u00e7a Francesc Maci\u00e0 y la Illa Diagonal.<\/h5>\n<h5><\/h5>\n<h5><\/h5>\n<h5 style=\"text-align: left;\">En <b>2003<\/b>,\u00a0 <b>J.M Coronas Guinart <\/b>y <b>Luis Coronas Guinart<\/b>, cogen el testigo de su padre y consolidan la firma convirtiendo el despacho en un Bufete <i>Boutique<\/i> de tradici\u00f3n, personal y confianza.<\/h5>\n<\/div><\/div><\/div><\/div><div  class=\"bt_bb_column col-xl-6 col-xs-12 col-sm-6 col-md-6 col-lg-6 bt_bb_align_left bt_bb_padding_45\"  data-width=\"6\" data-bt-override-class=\"{&quot;bt_bb_align_&quot;:{&quot;current_class&quot;:&quot;bt_bb_align_left&quot;,&quot;xl&quot;:&quot;left&quot;}}\"><div class=\"bt_bb_column_content bt_bb_vertical_align_top\"><div class=\"bt_bb_column_content_inner\"><div class=\"bt_bb_image bt_bb_shape_square bt_bb_align_inherit bt_bb_hover_style_simple bt_bb_content_display_always bt_bb_content_align_middle\" data-bt-override-class=\"{&quot;bt_bb_align_&quot;:{&quot;current_class&quot;:&quot;bt_bb_align_inherit&quot;,&quot;xl&quot;:&quot;inherit&quot;}}\"><span><img width=\"600\" height=\"370\" src=\"https:\/\/www.coronasadvocats.com\/wp-content\/uploads\/2024\/04\/Directius-Gabinet-Josep-Maria-Coronas-1993-oli-sobre-tela-146x89-600x370-1.jpg\" class=\"attachment-full size-full\" alt=\"https:\/\/www.coronasadvocats.com\/wp-content\/uploads\/2024\/04\/Directius-Gabinet-Josep-Maria-Coronas-1993-oli-sobre-tela-146x89-600x370-1.jpg\" loading=\"lazy\" data-full_image_src=\"https:\/\/www.coronasadvocats.com\/wp-content\/uploads\/2024\/04\/Directius-Gabinet-Josep-Maria-Coronas-1993-oli-sobre-tela-146x89-600x370-1.jpg\" title=\"Directius-Gabinet-Josep-Maria-Coronas-1993-oli-sobre-tela-146x89-600x370\" srcset=\"https:\/\/www.coronasadvocats.com\/wp-content\/uploads\/2024\/04\/Directius-Gabinet-Josep-Maria-Coronas-1993-oli-sobre-tela-146x89-600x370-1.jpg 600w, https:\/\/www.coronasadvocats.com\/wp-content\/uploads\/2024\/04\/Directius-Gabinet-Josep-Maria-Coronas-1993-oli-sobre-tela-146x89-600x370-1-16x10.jpg 16w, https:\/\/www.coronasadvocats.com\/wp-content\/uploads\/2024\/04\/Directius-Gabinet-Josep-Maria-Coronas-1993-oli-sobre-tela-146x89-600x370-1-320x197.jpg 320w\" sizes=\"(max-width: 600px) 100vw, 600px\" \/><\/span><\/div><\/div><\/div><\/div><\/div><\/div><div class=\"bt_bb_row_wrapper\"><div  class=\"bt_bb_row\" ><div  class=\"bt_bb_column col-xl-12 col-xs-12 col-sm-12 col-md-12 col-lg-12 bt_bb_align_left bt_bb_padding_normal\"  data-width=\"12\" data-bt-override-class=\"{&quot;bt_bb_align_&quot;:{&quot;current_class&quot;:&quot;bt_bb_align_left&quot;,&quot;xl&quot;:&quot;left&quot;}}\"><div class=\"bt_bb_column_content bt_bb_vertical_align_top\"><div class=\"bt_bb_column_content_inner\"><div class=\"bt_bb_separator bt_bb_border_style_solid bt_bb_top_spacing_medium bt_bb_bottom_spacing_medium bt_bb_color_dark\" data-bt-override-class=\"null\"><\/div><\/div><\/div><\/div><\/div><\/div><div class=\"bt_bb_row_wrapper\"><div  class=\"bt_bb_row\" ><div  class=\"bt_bb_column col-xl-6 col-xs-12 col-sm-6 col-md-6 col-lg-6 bt_bb_align_left bt_bb_padding_normal\"  data-width=\"6\" data-bt-override-class=\"{&quot;bt_bb_align_&quot;:{&quot;current_class&quot;:&quot;bt_bb_align_left&quot;,&quot;xl&quot;:&quot;left&quot;}}\"><div class=\"bt_bb_column_content bt_bb_vertical_align_top\"><div class=\"bt_bb_column_content_inner\"><div class=\"bt_bb_image bt_bb_shape_square bt_bb_align_inherit bt_bb_hover_style_simple bt_bb_content_display_always bt_bb_content_align_middle\" data-bt-override-class=\"{&quot;bt_bb_align_&quot;:{&quot;current_class&quot;:&quot;bt_bb_align_inherit&quot;,&quot;xl&quot;:&quot;inherit&quot;}}\"><span><img width=\"400\" height=\"489\" src=\"https:\/\/www.coronasadvocats.com\/wp-content\/uploads\/2021\/03\/luis-coronas-guinart-900x1100-bw-q90-e1713972600697.jpg\" class=\"attachment-full size-full\" alt=\"https:\/\/www.coronasadvocats.com\/wp-content\/uploads\/2021\/03\/luis-coronas-guinart-900x1100-bw-q90-e1713972600697.jpg\" loading=\"lazy\" data-full_image_src=\"https:\/\/www.coronasadvocats.com\/wp-content\/uploads\/2021\/03\/luis-coronas-guinart-900x1100-bw-q90-e1713972600697.jpg\" title=\"luis-coronas-guinart-900x1100-bw-q90\" srcset=\"https:\/\/www.coronasadvocats.com\/wp-content\/uploads\/2021\/03\/luis-coronas-guinart-900x1100-bw-q90-e1713972600697.jpg 400w, https:\/\/www.coronasadvocats.com\/wp-content\/uploads\/2021\/03\/luis-coronas-guinart-900x1100-bw-q90-e1713972600697-10x12.jpg 10w, https:\/\/www.coronasadvocats.com\/wp-content\/uploads\/2021\/03\/luis-coronas-guinart-900x1100-bw-q90-e1713972600697-320x391.jpg 320w\" sizes=\"(max-width: 400px) 100vw, 400px\" \/><\/span><\/div><\/div><\/div><\/div><div  class=\"bt_bb_column col-xl-6 col-xs-12 col-sm-6 col-md-6 col-lg-6 bt_bb_align_left bt_bb_padding_normal\"  data-width=\"6\" data-bt-override-class=\"{}\"><div class=\"bt_bb_column_content bt_bb_vertical_align_top\"><div class=\"bt_bb_column_content_inner\"><div  class=\"bt_bb_text\" ><h5><\/h5>\n<h5><\/h5>\n<h5><\/h5>\n<h5><\/h5>\n<h5><\/h5>\n<h5><\/h5>\n<h5 style=\"text-align: left;\">En el a\u00f1o <strong>2024<\/strong>, tras a\u00f1os de dedicaci\u00f3n y entrega a esta bella profesi\u00f3n, nos dej\u00f3 don Luis Coronas Guinart, habiendo sido un digno heredero de su padre en la manera de ejercer la abogac\u00eda y dejando un legado y un ejemplo que perdurar\u00e1n para siempre en las futuras generaciones de la firma.<\/h5>\n<h5><\/h5>\n<h5>A d\u00eda de hoy, Coronas Advocats sigue prestando sus servicios con la misma esencia y valores de su fundaci\u00f3n, siguiendo el esp\u00edritu de Jos\u00e9 Mar\u00eda Coronas Alonso y Luis Coronas Guinart, bajo el liderazgo de Josep Maria Coronas Guinart y junto a un grupo de profesionales en todos los \u00e1mbitos del Derecho.<\/h5>\n<\/div><\/div><\/div><\/div><\/div><\/div><\/div><\/div><\/div><\/section><section id=\"bt_bb_section69eb71c02f3ae\"  class=\"bt_bb_section bt_bb_layout_boxed_1200 bt_bb_vertical_align_top bt_bb_top_spacing_45\" style=\";background-color:#e95354;\" data-bt-override-class=\"null\"><div class=\"bt_bb_port\"><div class=\"bt_bb_cell\"><div class=\"bt_bb_cell_inner\"><div class=\"bt_bb_row_wrapper\"><div  class=\"bt_bb_row\" ><div  class=\"bt_bb_column col-xl-6 col-xs-12 col-sm-12 col-md-6 col-lg-6 bt_bb_align_center bt_bb_padding_45\"  data-width=\"6\" data-bt-override-class=\"{&quot;bt_bb_align_&quot;:{&quot;current_class&quot;:&quot;bt_bb_align_center&quot;,&quot;xl&quot;:&quot;center&quot;}}\"><div class=\"bt_bb_column_content bt_bb_vertical_align_top\"><div class=\"bt_bb_column_content_inner\"><div class=\"bt_bb_icon bt_bb_color_scheme_1 bt_bb_style_outline bt_bb_size_large bt_bb_shape_circle bt_bb_align_center\" data-bt-override-class=\"{&quot;bt_bb_size_&quot;:{&quot;current_class&quot;:&quot;bt_bb_size_large&quot;,&quot;xl&quot;:&quot;large&quot;},&quot;bt_bb_align_&quot;:{&quot;current_class&quot;:&quot;bt_bb_align_center&quot;,&quot;xl&quot;:&quot;center&quot;}}\"><span  data-ico-dripicons=\"&#xe995;\" class=\"bt_bb_icon_holder\"><span>VISI\u00d3N<\/span><\/span><\/div><div  class=\"bt_bb_text\" ><h4><\/h4>\n<h4 style=\"text-align: center;\"><\/h4>\n<h4 style=\"text-align: center;\"><span style=\"color: #ffffff;\"><strong>Creemos en una forma de gesti\u00f3n donde las personas y el trato cercano sea la principal v\u00eda de desarrollo de nuestros proyectos.<\/strong><\/span><\/h4>\n<\/div><\/div><\/div><\/div><div  class=\"bt_bb_column col-xl-6 col-xs-12 col-sm-12 col-md-6 col-lg-6 bt_bb_align_center bt_bb_padding_normal\"  data-width=\"6\" data-bt-override-class=\"{&quot;bt_bb_align_&quot;:{&quot;current_class&quot;:&quot;bt_bb_align_center&quot;,&quot;xl&quot;:&quot;center&quot;}}\"><div class=\"bt_bb_column_content bt_bb_vertical_align_top\"><div class=\"bt_bb_column_content_inner\"><div class=\"bt_bb_icon bt_bb_color_scheme_1 bt_bb_style_outline bt_bb_size_large bt_bb_shape_circle bt_bb_align_inherit\" data-bt-override-class=\"{&quot;bt_bb_size_&quot;:{&quot;current_class&quot;:&quot;bt_bb_size_large&quot;,&quot;xl&quot;:&quot;large&quot;},&quot;bt_bb_align_&quot;:{&quot;current_class&quot;:&quot;bt_bb_align_inherit&quot;,&quot;xl&quot;:&quot;inherit&quot;}}\"><span  data-ico-dripicons=\"&#xe99d;\" class=\"bt_bb_icon_holder\"><span>MISI\u00d3N<\/span><\/span><\/div><div  class=\"bt_bb_text\" ><h4><\/h4>\n<h4><\/h4>\n<h4 style=\"text-align: center;\"><strong><span style=\"color: #ffffff;\">Nuestra misi\u00f3n consiste en generar seguridad, confianza y cercan\u00eda a nuestros clientes y a sus empresas\u00a0 garantizando su tranquilidad y seguridad jur\u00eddica<\/span>.\u00a0<\/strong><\/h4>\n<\/div><\/div><\/div><\/div><\/div><\/div><\/div><\/div><\/div><\/section><section id=\"bt_bb_section69eb71c02fd7a\"  class=\"bt_bb_section bt_bb_layout_boxed_1200 bt_bb_vertical_align_top bt_bb_top_spacing_45 bt_bb_bottom_spacing_normal\" style=\";background-color:#e95354;\" data-bt-override-class=\"null\"><div class=\"bt_bb_port\"><div class=\"bt_bb_cell\"><div class=\"bt_bb_cell_inner\"><div class=\"bt_bb_row_wrapper\"><div  class=\"bt_bb_row\" ><div  class=\"bt_bb_column col-xl-12 col-xs-12 col-sm-12 col-md-12 col-lg-12 bt_bb_align_center bt_bb_padding_normal\"  data-width=\"12\" data-bt-override-class=\"{&quot;bt_bb_align_&quot;:{&quot;current_class&quot;:&quot;bt_bb_align_center&quot;,&quot;xl&quot;:&quot;center&quot;}}\"><div class=\"bt_bb_column_content bt_bb_vertical_align_top\"><div class=\"bt_bb_column_content_inner\"><div class=\"bt_bb_icon bt_bb_color_scheme_1 bt_bb_style_outline bt_bb_size_large bt_bb_shape_circle bt_bb_align_center\" data-bt-override-class=\"{&quot;bt_bb_size_&quot;:{&quot;current_class&quot;:&quot;bt_bb_size_large&quot;,&quot;xl&quot;:&quot;large&quot;},&quot;bt_bb_align_&quot;:{&quot;current_class&quot;:&quot;bt_bb_align_center&quot;,&quot;xl&quot;:&quot;center&quot;}}\"><span  data-ico-fontawesome=\"&#xf08a;\" class=\"bt_bb_icon_holder\"><span>VALORES<\/span><\/span><\/div><\/div><\/div><\/div><\/div><\/div><\/div><\/div><\/div><\/section><section id=\"bt_bb_section69eb71c030240\"  class=\"bt_bb_section bt_bb_layout_boxed_1200 bt_bb_vertical_align_top bt_bb_top_spacing_45 bt_bb_bottom_spacing_normal seiscolumnas\" style=\";background-color:#e95354;\" data-bt-override-class=\"null\"><div class=\"bt_bb_port\"><div class=\"bt_bb_cell\"><div class=\"bt_bb_cell_inner\"><div class=\"bt_bb_row_wrapper\"><div  class=\"bt_bb_row\" ><div  class=\"bt_bb_column col-xl-2 col-xs-6 col-sm-4 col-md-4 col-lg-2 bt_bb_align_left bt_bb_padding_normal\"  data-width=\"2\" data-bt-override-class=\"{}\"><div class=\"bt_bb_column_content bt_bb_vertical_align_top\"><div class=\"bt_bb_column_content_inner\"><div class=\"bt_bb_card coronas_valores\"><div class=\"bt_bb_card_image\"><div class=\"bt_bb_image\" data-bt-override-class=\"{}\"><span><img width=\"166\" height=\"139\" src=\"https:\/\/www.coronasadvocats.com\/wp-content\/uploads\/2021\/02\/empatia.png\" class=\"attachment- size-\" alt=\"https:\/\/www.coronasadvocats.com\/wp-content\/uploads\/2021\/02\/empatia.png\" loading=\"lazy\" data-full_image_src=\"https:\/\/www.coronasadvocats.com\/wp-content\/uploads\/2021\/02\/empatia.png\" title=\"empatia\" \/><\/span><\/div><\/div><div class=\"bt_bb_card_content\"><div class=\"bt_bb_card_icon_box\"><\/div><\/div><\/div><\/div><\/div><\/div><div  class=\"bt_bb_column col-xl-2 col-xs-6 col-sm-4 col-md-4 col-lg-2 bt_bb_align_left bt_bb_padding_normal\"  data-width=\"2\" data-bt-override-class=\"{}\"><div class=\"bt_bb_column_content bt_bb_vertical_align_top\"><div class=\"bt_bb_column_content_inner\"><div class=\"bt_bb_card coronas_valores\"><div class=\"bt_bb_card_image\"><div class=\"bt_bb_image\" data-bt-override-class=\"{}\"><span><img width=\"166\" height=\"139\" src=\"https:\/\/www.coronasadvocats.com\/wp-content\/uploads\/2021\/02\/rigor.png\" class=\"attachment- size-\" alt=\"https:\/\/www.coronasadvocats.com\/wp-content\/uploads\/2021\/02\/rigor.png\" loading=\"lazy\" data-full_image_src=\"https:\/\/www.coronasadvocats.com\/wp-content\/uploads\/2021\/02\/rigor.png\" title=\"rigor\" \/><\/span><\/div><\/div><div class=\"bt_bb_card_content\"><div class=\"bt_bb_card_icon_box\"><\/div><\/div><\/div><\/div><\/div><\/div><div  class=\"bt_bb_column col-xl-2 col-xs-6 col-sm-4 col-md-4 col-lg-2 bt_bb_align_left bt_bb_padding_normal\"  data-width=\"2\" data-bt-override-class=\"{}\"><div class=\"bt_bb_column_content bt_bb_vertical_align_top\"><div class=\"bt_bb_column_content_inner\"><div class=\"bt_bb_card coronas_valores\"><div class=\"bt_bb_card_image\"><div class=\"bt_bb_image\" data-bt-override-class=\"{}\"><span><img width=\"166\" height=\"139\" src=\"https:\/\/www.coronasadvocats.com\/wp-content\/uploads\/2021\/02\/compromiso.png\" class=\"attachment- size-\" alt=\"https:\/\/www.coronasadvocats.com\/wp-content\/uploads\/2021\/02\/compromiso.png\" loading=\"lazy\" data-full_image_src=\"https:\/\/www.coronasadvocats.com\/wp-content\/uploads\/2021\/02\/compromiso.png\" title=\"compromiso\" \/><\/span><\/div><\/div><div class=\"bt_bb_card_content\"><div class=\"bt_bb_card_icon_box\"><\/div><\/div><\/div><\/div><\/div><\/div><div  class=\"bt_bb_column col-xl-2 col-xs-6 col-sm-4 col-md-4 col-lg-2 bt_bb_align_left bt_bb_padding_normal\"  data-width=\"2\" data-bt-override-class=\"{}\"><div class=\"bt_bb_column_content bt_bb_vertical_align_top\"><div class=\"bt_bb_column_content_inner\"><div class=\"bt_bb_card coronas_valores\"><div class=\"bt_bb_card_image\"><div class=\"bt_bb_image\" data-bt-override-class=\"{}\"><span><img width=\"166\" height=\"139\" src=\"https:\/\/www.coronasadvocats.com\/wp-content\/uploads\/2021\/02\/cercania.png\" class=\"attachment- size-\" alt=\"https:\/\/www.coronasadvocats.com\/wp-content\/uploads\/2021\/02\/cercania.png\" loading=\"lazy\" data-full_image_src=\"https:\/\/www.coronasadvocats.com\/wp-content\/uploads\/2021\/02\/cercania.png\" title=\"cercania\" \/><\/span><\/div><\/div><div class=\"bt_bb_card_content\"><div class=\"bt_bb_card_icon_box\"><\/div><\/div><\/div><\/div><\/div><\/div><div  class=\"bt_bb_column col-xl-2 col-xs-6 col-sm-4 col-md-4 col-lg-2 bt_bb_align_left bt_bb_padding_normal\"  data-width=\"2\" data-bt-override-class=\"{}\"><div class=\"bt_bb_column_content bt_bb_vertical_align_top\"><div class=\"bt_bb_column_content_inner\"><div class=\"bt_bb_card coronas_valores\"><div class=\"bt_bb_card_image\"><div class=\"bt_bb_image\" data-bt-override-class=\"{}\"><span><img width=\"166\" height=\"139\" src=\"https:\/\/www.coronasadvocats.com\/wp-content\/uploads\/2021\/02\/seguridad.png\" class=\"attachment- size-\" alt=\"https:\/\/www.coronasadvocats.com\/wp-content\/uploads\/2021\/02\/seguridad.png\" loading=\"lazy\" data-full_image_src=\"https:\/\/www.coronasadvocats.com\/wp-content\/uploads\/2021\/02\/seguridad.png\" title=\"seguridad\" \/><\/span><\/div><\/div><div class=\"bt_bb_card_content\"><div class=\"bt_bb_card_icon_box\"><\/div><\/div><\/div><\/div><\/div><\/div><div  class=\"bt_bb_column col-xl-2 col-xs-6 col-sm-4 col-md-4 col-lg-2 bt_bb_align_left bt_bb_padding_normal\"  data-width=\"2\" data-bt-override-class=\"{}\"><div class=\"bt_bb_column_content bt_bb_vertical_align_top\"><div class=\"bt_bb_column_content_inner\"><div class=\"bt_bb_card coronas_valores\"><div class=\"bt_bb_card_image\"><div class=\"bt_bb_image\" data-bt-override-class=\"{}\"><span><img width=\"166\" height=\"139\" src=\"https:\/\/www.coronasadvocats.com\/wp-content\/uploads\/2021\/02\/confianza.png\" class=\"attachment- size-\" alt=\"https:\/\/www.coronasadvocats.com\/wp-content\/uploads\/2021\/02\/confianza.png\" loading=\"lazy\" data-full_image_src=\"https:\/\/www.coronasadvocats.com\/wp-content\/uploads\/2021\/02\/confianza.png\" title=\"confianza\" \/><\/span><\/div><\/div><div class=\"bt_bb_card_content\"><div class=\"bt_bb_card_icon_box\"><\/div><\/div><\/div><\/div><\/div><\/div><\/div><\/div><\/div><\/div><\/div><\/section>","protected":false},"excerpt":{"rendered":"","protected":false},"author":3,"featured_media":0,"parent":0,"menu_order":0,"comment_status":"closed","ping_status":"closed","template":"","meta":{"_mi_skip_tracking":false},"_links":{"self":[{"href":"https:\/\/www.coronasadvocats.com\/es\/wp-json\/wp\/v2\/pages\/149"}],"collection":[{"href":"https:\/\/www.coronasadvocats.com\/es\/wp-json\/wp\/v2\/pages"}],"about":[{"href":"https:\/\/www.coronasadvocats.com\/es\/wp-json\/wp\/v2\/types\/page"}],"author":[{"embeddable":true,"href":"https:\/\/www.coronasadvocats.com\/es\/wp-json\/wp\/v2\/users\/3"}],"replies":[{"embeddable":true,"href":"https:\/\/www.coronasadvocats.com\/es\/wp-json\/wp\/v2\/comments?post=149"}],"version-history":[{"count":93,"href":"https:\/\/www.coronasadvocats.com\/es\/wp-json\/wp\/v2\/pages\/149\/revisions"}],"predecessor-version":[{"id":763,"href":"https:\/\/www.coronasadvocats.com\/es\/wp-json\/wp\/v2\/pages\/149\/revisions\/763"}],"wp:attachment":[{"href":"https:\/\/www.coronasadvocats.com\/es\/wp-json\/wp\/v2\/media?parent=149"}],"curies":[{"name":"wp","href":"https:\/\/api.w.org\/{rel}","templated":true}]}}