{"id":635,"date":"2025-11-03T17:39:48","date_gmt":"2025-11-03T17:39:48","guid":{"rendered":"https:\/\/www.coronasadvocats.com\/?page_id=635"},"modified":"2026-03-16T12:41:47","modified_gmt":"2026-03-16T12:41:47","slug":"home-2","status":"publish","type":"page","link":"https:\/\/www.coronasadvocats.com\/ca\/home-2\/","title":{"rendered":"Home"},"content":{"rendered":"<section id=\"bt_bb_section69e5e13b15211\"  class=\"bt_bb_section bt_bb_layout_wide bt_bb_vertical_align_top coronas_seccion_banner\"  data-bt-override-class=\"null\"><div class=\"bt_bb_port\"><div class=\"bt_bb_cell\"><div class=\"bt_bb_cell_inner\"><div class=\"bt_bb_row_wrapper\"><div  class=\"bt_bb_row\" ><div  class=\"bt_bb_column col-xl-12 col-xs-12 col-sm-12 col-md-12 col-lg-12 bt_bb_align_left bt_bb_padding_normal\"  data-width=\"12\" data-bt-override-class=\"{&quot;bt_bb_align_&quot;:{&quot;current_class&quot;:&quot;bt_bb_align_left&quot;,&quot;xl&quot;:&quot;left&quot;}}\"><div class=\"bt_bb_column_content bt_bb_vertical_align_top\"><div class=\"bt_bb_column_content_inner\"><div class=\"bt_bb_content_slider coronas_slider bt_bb_gap_no_gap bt_bb_arrows_size_normal bt_bb_show_dots_bottom bt_bb_height_keep-height bt_bb_animation_slide bt_bb_animation_slide animate\"><div class=\"slick-slider\"  data-slick='{ \"lazyLoad\": \"progressive\", \"cssEase\": \"ease-out\", \"speed\": \"600\", \"accessibility\": false, \"prevArrow\": \"&lt;button type=\\\"button\\\" class=\\\"slick-prev\\\" aria-label=\\\"Previous\\\" tabindex=\\\"0\\\" role=\\\"button\\\"&gt;&lt;\/button&gt;\", \"nextArrow\": \"&lt;button type=\\\"button\\\" class=\\\"slick-next\\\" aria-label=\\\"Next\\\" tabindex=\\\"0\\\" role=\\\"button\\\"&gt;&lt;\/button&gt;\", \"dots\": true}' ><div class=\"bt_bb_content_slider_item bt_bb_background_overlay_light_gradient\" style=\"\"><div class=\"bt_bb_content_slider_item_content content\"><div class=\"bt_bb_image coronas_imagen_slider bt_bb_shape_square bt_bb_align_inherit bt_bb_hover_style_simple bt_bb_content_display_always bt_bb_content_align_middle bt_bb_content_exists\" data-bt-override-class=\"{&quot;bt_bb_align_&quot;:{&quot;current_class&quot;:&quot;bt_bb_align_inherit&quot;,&quot;xl&quot;:&quot;inherit&quot;}}\"><span><img width=\"1680\" height=\"1120\" src=\"https:\/\/www.coronasadvocats.com\/wp-content\/uploads\/2021\/02\/home_cover_1.jpg\" class=\"attachment-full size-full\" alt=\"https:\/\/www.coronasadvocats.com\/wp-content\/uploads\/2021\/02\/home_cover_1.jpg\" loading=\"lazy\" data-full_image_src=\"https:\/\/www.coronasadvocats.com\/wp-content\/uploads\/2021\/02\/home_cover_1.jpg\" title=\"home_cover_1\" srcset=\"https:\/\/www.coronasadvocats.com\/wp-content\/uploads\/2021\/02\/home_cover_1.jpg 1680w, https:\/\/www.coronasadvocats.com\/wp-content\/uploads\/2021\/02\/home_cover_1-640x427.jpg 640w, https:\/\/www.coronasadvocats.com\/wp-content\/uploads\/2021\/02\/home_cover_1-1280x853.jpg 1280w, https:\/\/www.coronasadvocats.com\/wp-content\/uploads\/2021\/02\/home_cover_1-768x512.jpg 768w, https:\/\/www.coronasadvocats.com\/wp-content\/uploads\/2021\/02\/home_cover_1-1536x1024.jpg 1536w, https:\/\/www.coronasadvocats.com\/wp-content\/uploads\/2021\/02\/home_cover_1-320x213.jpg 320w, https:\/\/www.coronasadvocats.com\/wp-content\/uploads\/2021\/02\/home_cover_1-960x640.jpg 960w, https:\/\/www.coronasadvocats.com\/wp-content\/uploads\/2021\/02\/home_cover_1-480x320.jpg 480w, https:\/\/www.coronasadvocats.com\/wp-content\/uploads\/2021\/02\/home_cover_1-240x160.jpg 240w\" sizes=\"(max-width: 1680px) 100vw, 1680px\" \/><\/span><div class=\"bt_bb_image_content\" ><div class=\"bt_bb_image_content_flex\"><div class=\"bt_bb_image_content_inner\"><div  class=\"bt_bb_text coronas_texto_slider\" ><h1><span style=\"color: #ffffff;\">El nostre assesorament \u00e9s professional, el nostre enfocament \u00e9s personal<\/span><\/h1>\n<\/div><\/div><\/div><\/div><\/div><\/div><\/div><div class=\"bt_bb_content_slider_item bt_bb_background_overlay_light_gradient\" style=\"\"><div class=\"bt_bb_content_slider_item_content content\"><div class=\"bt_bb_image coronas_imagen_slider bt_bb_shape_square bt_bb_align_inherit bt_bb_hover_style_simple bt_bb_content_display_always bt_bb_content_align_middle bt_bb_content_exists\" data-bt-override-class=\"{&quot;bt_bb_align_&quot;:{&quot;current_class&quot;:&quot;bt_bb_align_inherit&quot;,&quot;xl&quot;:&quot;inherit&quot;}}\"><span><img width=\"1680\" height=\"1120\" src=\"https:\/\/www.coronasadvocats.com\/wp-content\/uploads\/2021\/02\/home_cover_2.jpg\" class=\"attachment-full size-full\" alt=\"https:\/\/www.coronasadvocats.com\/wp-content\/uploads\/2021\/02\/home_cover_2.jpg\" loading=\"lazy\" data-full_image_src=\"https:\/\/www.coronasadvocats.com\/wp-content\/uploads\/2021\/02\/home_cover_2.jpg\" title=\"home_cover_2\" srcset=\"https:\/\/www.coronasadvocats.com\/wp-content\/uploads\/2021\/02\/home_cover_2.jpg 1680w, https:\/\/www.coronasadvocats.com\/wp-content\/uploads\/2021\/02\/home_cover_2-640x427.jpg 640w, https:\/\/www.coronasadvocats.com\/wp-content\/uploads\/2021\/02\/home_cover_2-1280x853.jpg 1280w, https:\/\/www.coronasadvocats.com\/wp-content\/uploads\/2021\/02\/home_cover_2-768x512.jpg 768w, https:\/\/www.coronasadvocats.com\/wp-content\/uploads\/2021\/02\/home_cover_2-1536x1024.jpg 1536w, https:\/\/www.coronasadvocats.com\/wp-content\/uploads\/2021\/02\/home_cover_2-320x213.jpg 320w, https:\/\/www.coronasadvocats.com\/wp-content\/uploads\/2021\/02\/home_cover_2-960x640.jpg 960w, https:\/\/www.coronasadvocats.com\/wp-content\/uploads\/2021\/02\/home_cover_2-480x320.jpg 480w, https:\/\/www.coronasadvocats.com\/wp-content\/uploads\/2021\/02\/home_cover_2-240x160.jpg 240w\" sizes=\"(max-width: 1680px) 100vw, 1680px\" \/><\/span><div class=\"bt_bb_image_content\" ><div class=\"bt_bb_image_content_flex\"><div class=\"bt_bb_image_content_inner\"><div  class=\"bt_bb_text coronas_texto_slider\" ><h1 style=\"text-align: center;\"><span style=\"color: #f7f5f5;\">Un assessorament legal, on les persones s\u00f3n importants<\/span><\/h1>\n<\/div><\/div><\/div><\/div><\/div><\/div><\/div><div class=\"bt_bb_content_slider_item bt_bb_background_overlay_light_gradient\" style=\"\"><div class=\"bt_bb_content_slider_item_content content\"><div class=\"bt_bb_image coronas_imagen_slider bt_bb_shape_square bt_bb_align_inherit bt_bb_hover_style_simple bt_bb_content_display_always bt_bb_content_align_middle bt_bb_content_exists\" data-bt-override-class=\"{&quot;bt_bb_align_&quot;:{&quot;current_class&quot;:&quot;bt_bb_align_inherit&quot;,&quot;xl&quot;:&quot;inherit&quot;}}\"><span><img width=\"1536\" height=\"1024\" src=\"https:\/\/www.coronasadvocats.com\/wp-content\/uploads\/2026\/03\/Domino.png\" class=\"attachment-full size-full\" alt=\"https:\/\/www.coronasadvocats.com\/wp-content\/uploads\/2026\/03\/Domino.png\" loading=\"lazy\" data-full_image_src=\"https:\/\/www.coronasadvocats.com\/wp-content\/uploads\/2026\/03\/Domino.png\" title=\"Domino\" srcset=\"https:\/\/www.coronasadvocats.com\/wp-content\/uploads\/2026\/03\/Domino.png 1536w, https:\/\/www.coronasadvocats.com\/wp-content\/uploads\/2026\/03\/Domino-640x427.png 640w, https:\/\/www.coronasadvocats.com\/wp-content\/uploads\/2026\/03\/Domino-1280x853.png 1280w, https:\/\/www.coronasadvocats.com\/wp-content\/uploads\/2026\/03\/Domino-768x512.png 768w, https:\/\/www.coronasadvocats.com\/wp-content\/uploads\/2026\/03\/Domino-16x12.png 16w, https:\/\/www.coronasadvocats.com\/wp-content\/uploads\/2026\/03\/Domino-320x213.png 320w, https:\/\/www.coronasadvocats.com\/wp-content\/uploads\/2026\/03\/Domino-960x640.png 960w, https:\/\/www.coronasadvocats.com\/wp-content\/uploads\/2026\/03\/Domino-1125x750.png 1125w, https:\/\/www.coronasadvocats.com\/wp-content\/uploads\/2026\/03\/Domino-480x320.png 480w, https:\/\/www.coronasadvocats.com\/wp-content\/uploads\/2026\/03\/Domino-240x160.png 240w\" sizes=\"(max-width: 1536px) 100vw, 1536px\" \/><\/span><div class=\"bt_bb_image_content\" ><div class=\"bt_bb_image_content_flex\"><div class=\"bt_bb_image_content_inner\"><div  class=\"bt_bb_text coronas_texto_slider\" ><h1 style=\"text-align: center;\"><span style=\"color: #f7f5f5;\">El nostre objectiu \u00e9s que els nostres clients se sentin tranquils i segurs<\/span><\/h1>\n<\/div><\/div><\/div><\/div><\/div><\/div><\/div><div class=\"bt_bb_content_slider_item bt_bb_background_overlay_light_gradient\" style=\"\"><div class=\"bt_bb_content_slider_item_content content\"><div class=\"bt_bb_image coronas_imagen_slider bt_bb_shape_square bt_bb_align_inherit bt_bb_hover_style_simple bt_bb_content_display_always bt_bb_content_align_middle bt_bb_content_exists\" data-bt-override-class=\"{&quot;bt_bb_align_&quot;:{&quot;current_class&quot;:&quot;bt_bb_align_inherit&quot;,&quot;xl&quot;:&quot;inherit&quot;}}\"><span><img width=\"1536\" height=\"1024\" src=\"https:\/\/www.coronasadvocats.com\/wp-content\/uploads\/2026\/03\/Reunion.png\" class=\"attachment-full size-full\" alt=\"https:\/\/www.coronasadvocats.com\/wp-content\/uploads\/2026\/03\/Reunion.png\" loading=\"lazy\" data-full_image_src=\"https:\/\/www.coronasadvocats.com\/wp-content\/uploads\/2026\/03\/Reunion.png\" title=\"Reunion\" srcset=\"https:\/\/www.coronasadvocats.com\/wp-content\/uploads\/2026\/03\/Reunion.png 1536w, https:\/\/www.coronasadvocats.com\/wp-content\/uploads\/2026\/03\/Reunion-640x427.png 640w, https:\/\/www.coronasadvocats.com\/wp-content\/uploads\/2026\/03\/Reunion-1280x853.png 1280w, https:\/\/www.coronasadvocats.com\/wp-content\/uploads\/2026\/03\/Reunion-768x512.png 768w, https:\/\/www.coronasadvocats.com\/wp-content\/uploads\/2026\/03\/Reunion-16x12.png 16w, https:\/\/www.coronasadvocats.com\/wp-content\/uploads\/2026\/03\/Reunion-320x213.png 320w, https:\/\/www.coronasadvocats.com\/wp-content\/uploads\/2026\/03\/Reunion-960x640.png 960w, https:\/\/www.coronasadvocats.com\/wp-content\/uploads\/2026\/03\/Reunion-1125x750.png 1125w, https:\/\/www.coronasadvocats.com\/wp-content\/uploads\/2026\/03\/Reunion-480x320.png 480w, https:\/\/www.coronasadvocats.com\/wp-content\/uploads\/2026\/03\/Reunion-240x160.png 240w\" sizes=\"(max-width: 1536px) 100vw, 1536px\" \/><\/span><div class=\"bt_bb_image_content\" ><div class=\"bt_bb_image_content_flex\"><div class=\"bt_bb_image_content_inner\"><div  class=\"bt_bb_text coronas_texto_slider\" ><h1 style=\"text-align: center;\"><span style=\"color: #f7f5f5;\">La confian\u00e7a en Coronas \u00e9s alguna cosa m\u00e9s que una paraula, \u00e9s la nostra manera de fer<\/span><\/h1>\n<\/div><\/div><\/div><\/div><\/div><\/div><\/div><\/div><\/div><\/div><\/div><\/div><\/div><\/div><\/div><\/div><\/div><\/section><section id=\"bt_bb_section69e5e13b18766\"  class=\"bt_bb_section bt_bb_layout_wide bt_bb_vertical_align_top container\"  data-bt-override-class=\"null\"><div class=\"bt_bb_port\"><div class=\"bt_bb_cell\"><div class=\"bt_bb_cell_inner\"><div class=\"bt_bb_row_wrapper\"><div  class=\"bt_bb_row trescolumnas bt_bb_column_gap_0\" ><div  class=\"bt_bb_column col-xl-12 col-xs-12 col-sm-12 col-md-12 col-lg-12 columnaportada bt_bb_border_color_dark bt_bb_align_center bt_bb_padding_0\"  data-width=\"12\" data-bt-override-class=\"{&quot;bt_bb_align_&quot;:{&quot;current_class&quot;:&quot;bt_bb_align_center&quot;,&quot;xl&quot;:&quot;center&quot;}}\"><div class=\"bt_bb_column_content bt_bb_vertical_align_middle\" style=\"background-color: rgba(255, 255, 255, 1);\"><div class=\"bt_bb_column_content_inner\"><div class=\"bt_bb_raw_content\"><svg preserveaspectratio=\"none\" viewbox=\" 0 0 100 100\" class=\"bg-triangle bg-triangle-bottom-left\">\n        <polygon fill=\"#F8F9FB\" points=\"0 100 100 100 100 0\"><\/polygon>\n    <\/svg><\/div><\/div><\/div><\/div><\/div><\/div><div class=\"bt_bb_row_wrapper\"><div  class=\"bt_bb_row trescolumnas bt_bb_column_gap_0\" ><div  class=\"bt_bb_column col-xl-6 col-xs-12 col-sm-12 col-md-12 col-lg-6 columnaportada bt_bb_border_color_dark bt_bb_align_center bt_bb_padding_0\"  data-width=\"6\" data-bt-override-class=\"{&quot;bt_bb_align_&quot;:{&quot;current_class&quot;:&quot;bt_bb_align_center&quot;,&quot;xl&quot;:&quot;center&quot;}}\"><div class=\"bt_bb_column_content bt_bb_vertical_align_middle\" style=\"background-color: rgba(255, 255, 255, 1);\"><div class=\"bt_bb_column_content_inner\"><div  class=\"bt_bb_text textocolumna\" ><h2 style=\"text-align: center; margin-left: 1em; margin-right: 1em;\"><span class=\"d-block h2 d-block\">Explica'ns quin \u00e9s el teu problema, t'ajudarem tant a la teva empresa com a tu.<\/span><\/h2>\n<p class=\"\" style=\"text-align: center;\"><span style=\"color: #808080;\">En Coronas Advocats, somos un equipo de abogados en Barcelona cercanos y comprometidos. Nos implicamos en cada caso desde el principio hasta el fin, ofreciendo una perspectiva integral que abarca todos los \u00e1ngulos legales que pueden afectar a tus temas legales. Buscamos siempre la mejor soluci\u00f3n posible, combinando rigor jur\u00eddico y trato personal.<\/span><\/p>\n<h6 style=\"text-align: center;\"><a class=\"lead\" href=\"https:\/\/www.coronasadvocats.com\/ca\/sobre-nosotros\/\">Coneix-nos millor<\/a><\/h6>\n<\/div><\/div><\/div><\/div><div  class=\"bt_bb_column col-xl-3 col-xs-6 col-sm-6 col-md-6 col-lg-3 columnaportada bt_bb_border_color_dark bt_bb_align_center bt_bb_padding_0\"  data-width=\"3\" data-bt-override-class=\"{&quot;bt_bb_align_&quot;:{&quot;current_class&quot;:&quot;bt_bb_align_center&quot;,&quot;xl&quot;:&quot;center&quot;}}\"><div class=\"bt_bb_column_content bt_bb_vertical_align_top\" style=\"background-color: rgba(255, 255, 255, 1);\"><div class=\"bt_bb_column_content_inner\"><div class=\"bt_bb_card escalagrises\"><div class=\"bt_bb_card_image\"><div class=\"bt_bb_image\" data-bt-override-class=\"{}\"><span><img width=\"600\" height=\"1000\" src=\"https:\/\/www.coronasadvocats.com\/wp-content\/uploads\/2021\/11\/home_empresa.jpg\" class=\"attachment- size-\" alt=\"https:\/\/www.coronasadvocats.com\/wp-content\/uploads\/2021\/11\/home_empresa.jpg\" loading=\"lazy\" data-full_image_src=\"https:\/\/www.coronasadvocats.com\/wp-content\/uploads\/2021\/11\/home_empresa.jpg\" title=\"home_empresa\" srcset=\"https:\/\/www.coronasadvocats.com\/wp-content\/uploads\/2021\/11\/home_empresa.jpg 600w, https:\/\/www.coronasadvocats.com\/wp-content\/uploads\/2021\/11\/home_empresa-7x12.jpg 7w, https:\/\/www.coronasadvocats.com\/wp-content\/uploads\/2021\/11\/home_empresa-320x533.jpg 320w\" sizes=\"(max-width: 600px) 100vw, 600px\" \/><\/span><\/div><\/div><div class=\"bt_bb_card_content\"><div class=\"bt_bb_card_icon_box\"><\/div><\/div><\/div><div  class=\"bt_bb_row_inner bt_bb_column_inner_gap_0\" ><div  class=\"bt_bb_column_inner col-xl-12 col-xs-12 col-sm-12 col-md-12 col-lg-12 bt_bb_align_left bt_bb_vertical_align_top bt_bb_padding_normal\"  data-width=\"12\" data-bt-override-class=\"{}\"><div class=\"bt_bb_column_inner_content\"><div class=\"bt_bb_button bt_bb_color_scheme_2 bt_bb_style_outline bt_bb_size_small bt_bb_width_full bt_bb_shape_inherit bt_bb_align_left btWithIcon\" data-bt-override-class=\"{&quot;bt_bb_size_&quot;:{&quot;current_class&quot;:&quot;bt_bb_size_small&quot;,&quot;xl&quot;:&quot;small&quot;},&quot;bt_bb_align_&quot;:{&quot;current_class&quot;:&quot;bt_bb_align_left&quot;,&quot;xl&quot;:&quot;left&quot;}}\"><a href=\"#\" target=\"_self\" class=\"bt_bb_link\" title=\"Empresa\"><div class=\"bt_bb_icon\"><span  data-ico-fontawesome=\"&#xf105;\" class=\"bt_bb_icon_holder\"><\/span><\/div><div class=\"bt_bb_link\"><span class=\"bt_bb_button_text\">Empresa<\/span><\/div><\/a><\/div><\/div><\/div><\/div><\/div><\/div><\/div><div  class=\"bt_bb_column col-xl-3 col-xs-6 col-sm-6 col-md-6 col-lg-3 columnaportada bt_bb_border_color_dark bt_bb_align_center bt_bb_padding_0\"  data-width=\"3\" data-bt-override-class=\"{&quot;bt_bb_align_&quot;:{&quot;current_class&quot;:&quot;bt_bb_align_center&quot;,&quot;xl&quot;:&quot;center&quot;}}\"><div class=\"bt_bb_column_content bt_bb_vertical_align_top\" style=\"background-color: rgba(255, 255, 255, 1);\"><div class=\"bt_bb_column_content_inner\"><div class=\"bt_bb_card escalagrises\"><div class=\"bt_bb_card_image\"><div class=\"bt_bb_image\" data-bt-override-class=\"{}\"><span><img width=\"600\" height=\"1000\" src=\"https:\/\/www.coronasadvocats.com\/wp-content\/uploads\/2021\/11\/home_familia.jpg\" class=\"attachment- size-\" alt=\"https:\/\/www.coronasadvocats.com\/wp-content\/uploads\/2021\/11\/home_familia.jpg\" loading=\"lazy\" data-full_image_src=\"https:\/\/www.coronasadvocats.com\/wp-content\/uploads\/2021\/11\/home_familia.jpg\" title=\"home_familia\" srcset=\"https:\/\/www.coronasadvocats.com\/wp-content\/uploads\/2021\/11\/home_familia.jpg 600w, https:\/\/www.coronasadvocats.com\/wp-content\/uploads\/2021\/11\/home_familia-7x12.jpg 7w, https:\/\/www.coronasadvocats.com\/wp-content\/uploads\/2021\/11\/home_familia-320x533.jpg 320w\" sizes=\"(max-width: 600px) 100vw, 600px\" \/><\/span><\/div><\/div><div class=\"bt_bb_card_content\"><div class=\"bt_bb_card_icon_box\"><\/div><\/div><\/div><div  class=\"bt_bb_row_inner bt_bb_column_inner_gap_0\" ><div  class=\"bt_bb_column_inner col-xl-12 col-xs-12 col-sm-12 col-md-12 col-lg-12 bt_bb_align_left bt_bb_vertical_align_top bt_bb_padding_normal\"  data-width=\"12\" data-bt-override-class=\"{}\"><div class=\"bt_bb_column_inner_content\"><div class=\"bt_bb_button bt_bb_color_scheme_2 bt_bb_style_outline bt_bb_size_small bt_bb_width_full bt_bb_shape_inherit bt_bb_align_left btWithIcon\" data-bt-override-class=\"{&quot;bt_bb_size_&quot;:{&quot;current_class&quot;:&quot;bt_bb_size_small&quot;,&quot;xl&quot;:&quot;small&quot;},&quot;bt_bb_align_&quot;:{&quot;current_class&quot;:&quot;bt_bb_align_left&quot;,&quot;xl&quot;:&quot;left&quot;}}\"><a href=\"#\" target=\"_self\" class=\"bt_bb_link\" title=\"Fam\u00edlia\"><div class=\"bt_bb_icon\"><span  data-ico-fontawesome=\"&#xf105;\" class=\"bt_bb_icon_holder\"><\/span><\/div><div class=\"bt_bb_link\"><span class=\"bt_bb_button_text\">Fam\u00edlia<\/span><\/div><\/a><\/div><\/div><\/div><\/div><\/div><\/div><\/div><\/div><\/div><\/div><\/div><\/div><\/section><section id=\"bt_bb_section69e5e13b1b255\"  class=\"bt_bb_section bt_bb_layout_wide bt_bb_vertical_align_top bt_bb_top_spacing_large bt_bb_bottom_spacing_large fondogris coronas_cita\"  data-bt-override-class=\"null\"><div class=\"bt_bb_port\"><div class=\"bt_bb_cell\"><div class=\"bt_bb_cell_inner\"><div class=\"bt_bb_row_wrapper\"><div  class=\"bt_bb_row\" ><div  class=\"bt_bb_column col-xl-4 col-xs-12 col-sm-12 col-md-12 col-lg-4 bt_bb_align_left bt_bb_padding_0\"  data-width=\"4\" data-bt-override-class=\"{&quot;bt_bb_align_&quot;:{&quot;current_class&quot;:&quot;bt_bb_align_left&quot;,&quot;xl&quot;:&quot;left&quot;}}\"><div class=\"bt_bb_column_content bt_bb_vertical_align_top\"><div class=\"bt_bb_column_content_inner\"><\/div><\/div><\/div><div  class=\"bt_bb_column col-xl-4 col-xs-12 col-sm-12 col-md-12 col-lg-4 bt_bb_border_color_dark bt_bb_align_left bt_bb_padding_0 bt_bb_top_border bt_bb_bottom_border\"  data-width=\"4\" data-bt-override-class=\"{&quot;bt_bb_align_&quot;:{&quot;current_class&quot;:&quot;bt_bb_align_left&quot;,&quot;xl&quot;:&quot;left&quot;}}\"><div class=\"bt_bb_column_content bt_bb_vertical_align_top\"><div class=\"bt_bb_column_content_inner\"><div  class=\"bt_bb_text\" ><h3 class=\"d-block\" style=\"text-align: center;\">Nom\u00e9s podem servir b\u00e9 els nostres clients si ens apassiona la nostra feina<\/h3>\n<p style=\"text-align: center;\"><span class=\"text-primary\" style=\"color: #ff0000;\">Jos\u00e9 Mar\u00eda Coronas Alonso, Fundador de Coronas Advocats<\/span><\/p>\n<\/div><\/div><\/div><\/div><div  class=\"bt_bb_column col-xl-4 col-xs-12 col-sm-12 col-md-12 col-lg-4 bt_bb_align_left bt_bb_padding_0\"  data-width=\"4\" data-bt-override-class=\"{&quot;bt_bb_align_&quot;:{&quot;current_class&quot;:&quot;bt_bb_align_left&quot;,&quot;xl&quot;:&quot;left&quot;}}\"><div class=\"bt_bb_column_content bt_bb_vertical_align_top\"><div class=\"bt_bb_column_content_inner\"><\/div><\/div><\/div><\/div><\/div><\/div><\/div><\/div><\/section>","protected":false},"excerpt":{"rendered":"","protected":false},"author":2,"featured_media":0,"parent":0,"menu_order":0,"comment_status":"closed","ping_status":"closed","template":"","meta":{"_mi_skip_tracking":false},"_links":{"self":[{"href":"https:\/\/www.coronasadvocats.com\/ca\/wp-json\/wp\/v2\/pages\/635"}],"collection":[{"href":"https:\/\/www.coronasadvocats.com\/ca\/wp-json\/wp\/v2\/pages"}],"about":[{"href":"https:\/\/www.coronasadvocats.com\/ca\/wp-json\/wp\/v2\/types\/page"}],"author":[{"embeddable":true,"href":"https:\/\/www.coronasadvocats.com\/ca\/wp-json\/wp\/v2\/users\/2"}],"replies":[{"embeddable":true,"href":"https:\/\/www.coronasadvocats.com\/ca\/wp-json\/wp\/v2\/comments?post=635"}],"version-history":[{"count":6,"href":"https:\/\/www.coronasadvocats.com\/ca\/wp-json\/wp\/v2\/pages\/635\/revisions"}],"predecessor-version":[{"id":808,"href":"https:\/\/www.coronasadvocats.com\/ca\/wp-json\/wp\/v2\/pages\/635\/revisions\/808"}],"wp:attachment":[{"href":"https:\/\/www.coronasadvocats.com\/ca\/wp-json\/wp\/v2\/media?parent=635"}],"curies":[{"name":"wp","href":"https:\/\/api.w.org\/{rel}","templated":true}]}}